{"id":46,"date":"2017-01-23T16:11:05","date_gmt":"2017-01-23T15:11:05","guid":{"rendered":"http:\/\/crijonic.de\/?page_id=46"},"modified":"2017-03-06T11:01:47","modified_gmt":"2017-03-06T10:01:47","slug":"ueber-uns","status":"publish","type":"page","link":"https:\/\/www.crijonic.de\/index.php\/ueber-uns\/","title":{"rendered":"\u00dcber uns"},"content":{"rendered":"<p>Die Crijonic GmbH hat Ihren Gesch\u00e4ftssitz in Remscheid. Mit<br \/>\nder direkten Autobahnanbindung an die A1 und die A46 erf\u00fcllen<br \/>\nwir die optimale Mobilit\u00e4t im Au\u00dfendienst, unsere<br \/>\nKunden mit unseren Dienstleistungen &#038; Zubeh\u00f6r zu<br \/>\n\u00fcberzeugen.<\/p>\n<p>Unser gesamtes Team besteht aus erfahrenen Mitarbeitern, die<br \/>\nschon seit vielen Jahren erfolgreich f\u00fcr Energieversorger im<br \/>\nWasser-, Strom- und Gasbereich t\u00e4tig sind. Die Anspr\u00fcche unserer<br \/>\nKunden an uns, werden durch straffe Vorgaben immer gr\u00f6\u00dfer.<br \/>\nDurch Innovationen k\u00f6nnen wir diesem hohen Standard gerecht werden.<\/p>\n<p>Unsere Arbeitsweise ist zukunftsorientiert und auf langj\u00e4hrige<br \/>\nZusammenarbeit ausgerichtet. Z\u00f6gern Sie nicht uns zu kontaktieren.<\/p>\n<p>Herzliche Gr\u00fc\u00dfe<br \/>\nEuer Crijonic Team<\/p>\n","protected":false},"excerpt":{"rendered":"<p>Die Crijonic GmbH hat Ihren Gesch\u00e4ftssitz in Remscheid. Mit der direkten Autobahnanbindung an die A1 und die A46 erf\u00fcllen wir die optimale Mobilit\u00e4t im Au\u00dfendienst, unsere Kunden mit unseren Dienstleistungen &#038; Zubeh\u00f6r zu \u00fcberzeugen. Unser gesamtes Team besteht aus erfahrenen Mitarbeitern, die schon seit vielen Jahren erfolgreich f\u00fcr Energieversorger im Wasser-, Strom- und Gasbereich t\u00e4tig sind. Die Anspr\u00fcche unserer Kunden an uns, werden durch straffe Vorgaben immer gr\u00f6\u00dfer. Durch Innovationen k\u00f6nnen wir diesem hohen Standard gerecht werden. Unsere Arbeitsweise ist&hellip;<\/p>\n","protected":false},"author":1,"featured_media":0,"parent":0,"menu_order":3,"comment_status":"closed","ping_status":"closed","template":"","meta":[],"_links":{"self":[{"href":"https:\/\/www.crijonic.de\/index.php\/wp-json\/wp\/v2\/pages\/46"}],"collection":[{"href":"https:\/\/www.crijonic.de\/index.php\/wp-json\/wp\/v2\/pages"}],"about":[{"href":"https:\/\/www.crijonic.de\/index.php\/wp-json\/wp\/v2\/types\/page"}],"author":[{"embeddable":true,"href":"https:\/\/www.crijonic.de\/index.php\/wp-json\/wp\/v2\/users\/1"}],"replies":[{"embeddable":true,"href":"https:\/\/www.crijonic.de\/index.php\/wp-json\/wp\/v2\/comments?post=46"}],"version-history":[{"count":5,"href":"https:\/\/www.crijonic.de\/index.php\/wp-json\/wp\/v2\/pages\/46\/revisions"}],"predecessor-version":[{"id":250,"href":"https:\/\/www.crijonic.de\/index.php\/wp-json\/wp\/v2\/pages\/46\/revisions\/250"}],"wp:attachment":[{"href":"https:\/\/www.crijonic.de\/index.php\/wp-json\/wp\/v2\/media?parent=46"}],"curies":[{"name":"wp","href":"https:\/\/api.w.org\/{rel}","templated":true}]}}