{"id":16,"date":"2017-01-23T15:42:46","date_gmt":"2017-01-23T14:42:46","guid":{"rendered":"http:\/\/crijonic.de\/?page_id=16"},"modified":"2017-11-17T08:37:08","modified_gmt":"2017-11-17T07:37:08","slug":"dienstleistung","status":"publish","type":"page","link":"https:\/\/www.crijonic.de\/index.php\/dienstleistung\/","title":{"rendered":"Dienstleistung"},"content":{"rendered":"<p>Durch langj\u00e4hrige Erfahrung im Bereich der Versorgungswirtschaft, haben wir uns zur Aufgabe gemacht, die Schnittstelle zwischen Energieversorger und Kunde zu sein. Das Ziel ist gemeinsam mit den Auftraggebern, die W\u00fcnsche ihrer Kunden bestens und effektiv zu erf\u00fcllen.<\/p>\n<p>Je nach Bedarf unseres Kunden, richten wir uns auf Ihr System ein. Ob wir die Kunden Anschreiben, Karten werfen, Terminvergabe, Fotodokumentationen, Anzahl der Anlaufversuche, Bereitstellung einer Hotline, B\u00fcro vor Ort, Trennung der Gebiete, gerne stehen wir auch beratend zu Seite um den bestm\u00f6glichen Ablauf f\u00fcr Ihr Gebiet zu finden.<\/p>\n<h4>Z\u00e4hlerwechsel<\/h4>\n<ul>\n<li>Turnuswechsel von Wasser- und Gasz\u00e4hlern<\/li>\n<li>Hausanschluss\u00fcberpr\u00fcfung<\/li>\n<li>Gasreglerwechsel und \u00dcberpr\u00fcfung<\/li>\n<li>Gebrauchsf\u00e4higkeitspr\u00fcfung<\/li>\n<\/ul>\n<h4>Z\u00e4hlerablesung<\/h4>\n<ul>\n<li>Stichtagsbezogen<\/li>\n<li>Rollierend<\/li>\n<li>Monatlich<\/li>\n<li>J\u00e4hrlich<\/li>\n<li>Gro\u00dfkundenablesung<\/li>\n<li>Datenaufnahme von Z\u00e4hlerangaben<\/li>\n<\/ul>\n<p><img loading=\"lazy\" class=\" wp-image-244 alignnone\" src=\"http:\/\/www.crijonic.de\/wp-content\/uploads\/2017\/03\/Bild-3-Innen-300x200.jpg\" alt=\"\" width=\"350\" height=\"233\" srcset=\"https:\/\/www.crijonic.de\/wp-content\/uploads\/2017\/03\/Bild-3-Innen-300x200.jpg 300w, https:\/\/www.crijonic.de\/wp-content\/uploads\/2017\/03\/Bild-3-Innen-768x512.jpg 768w, https:\/\/www.crijonic.de\/wp-content\/uploads\/2017\/03\/Bild-3-Innen-1024x683.jpg 1024w, https:\/\/www.crijonic.de\/wp-content\/uploads\/2017\/03\/Bild-3-Innen-600x400.jpg 600w\" sizes=\"(max-width: 350px) 100vw, 350px\" \/>\u00a0\u00a0\u00a0\u00a0\u00a0\u00a0\u00a0\u00a0\u00a0\u00a0\u00a0\u00a0\u00a0\u00a0\u00a0\u00a0\u00a0\u00a0\u00a0\u00a0 <img loading=\"lazy\" class=\" wp-image-246 alignnone\" src=\"http:\/\/www.crijonic.de\/wp-content\/uploads\/2017\/03\/Bild-6-Innen-300x200.jpg\" alt=\"\" width=\"350\" height=\"233\" srcset=\"https:\/\/www.crijonic.de\/wp-content\/uploads\/2017\/03\/Bild-6-Innen-300x200.jpg 300w, https:\/\/www.crijonic.de\/wp-content\/uploads\/2017\/03\/Bild-6-Innen-768x512.jpg 768w, https:\/\/www.crijonic.de\/wp-content\/uploads\/2017\/03\/Bild-6-Innen-1024x683.jpg 1024w, https:\/\/www.crijonic.de\/wp-content\/uploads\/2017\/03\/Bild-6-Innen-600x400.jpg 600w\" sizes=\"(max-width: 350px) 100vw, 350px\" \/><\/p>\n","protected":false},"excerpt":{"rendered":"<p>Durch langj\u00e4hrige Erfahrung im Bereich der Versorgungswirtschaft, haben wir uns zur Aufgabe gemacht, die Schnittstelle zwischen Energieversorger und Kunde zu sein. Das Ziel ist gemeinsam mit den Auftraggebern, die W\u00fcnsche ihrer Kunden bestens und effektiv zu erf\u00fcllen. Je nach Bedarf unseres Kunden, richten wir uns auf Ihr System ein. Ob wir die Kunden Anschreiben, Karten werfen, Terminvergabe, Fotodokumentationen, Anzahl der Anlaufversuche, Bereitstellung einer Hotline, B\u00fcro vor Ort, Trennung der Gebiete, gerne stehen wir auch beratend zu Seite um den bestm\u00f6glichen&hellip;<\/p>\n","protected":false},"author":1,"featured_media":0,"parent":0,"menu_order":1,"comment_status":"closed","ping_status":"closed","template":"","meta":[],"_links":{"self":[{"href":"https:\/\/www.crijonic.de\/index.php\/wp-json\/wp\/v2\/pages\/16"}],"collection":[{"href":"https:\/\/www.crijonic.de\/index.php\/wp-json\/wp\/v2\/pages"}],"about":[{"href":"https:\/\/www.crijonic.de\/index.php\/wp-json\/wp\/v2\/types\/page"}],"author":[{"embeddable":true,"href":"https:\/\/www.crijonic.de\/index.php\/wp-json\/wp\/v2\/users\/1"}],"replies":[{"embeddable":true,"href":"https:\/\/www.crijonic.de\/index.php\/wp-json\/wp\/v2\/comments?post=16"}],"version-history":[{"count":6,"href":"https:\/\/www.crijonic.de\/index.php\/wp-json\/wp\/v2\/pages\/16\/revisions"}],"predecessor-version":[{"id":234,"href":"https:\/\/www.crijonic.de\/index.php\/wp-json\/wp\/v2\/pages\/16\/revisions\/234"}],"wp:attachment":[{"href":"https:\/\/www.crijonic.de\/index.php\/wp-json\/wp\/v2\/media?parent=16"}],"curies":[{"name":"wp","href":"https:\/\/api.w.org\/{rel}","templated":true}]}}